{"id":20,"date":"2026-05-03T09:06:08","date_gmt":"2026-05-03T07:06:08","guid":{"rendered":"https:\/\/www.buckelwalhope.de\/?page_id=20"},"modified":"2026-05-04T06:45:21","modified_gmt":"2026-05-04T04:45:21","slug":"ausdruecklich-gegen-schmerz-bei-tiertransporten","status":"publish","type":"page","link":"https:\/\/www.buckelwalhope.de\/?page_id=20","title":{"rendered":"Ausdr\u00fccklich gegen Schmerz bei Tiertransporten"},"content":{"rendered":"\n<p>es ist eine riesen Schande was Fortuna B und Robin Hood da abgezogen hat. Ja gar eine bodenlose Frechheit. Die letzen Stunden der Freiheit des Wal waren Qu\u00e4lerei und das muss enden wir d\u00fcrfen so Transporte nicht mehr zulassen. Und nein ich nehme das Blatt nicht an . Wenn man einen Wal zum Schluss mit einem Schiff aus der Transportvorrichtung rauszerrt und dabei den Tod des Tieres bodenlos in Kauf genommen hat verst\u00f6\u00dft es gegen sicherere und Schmerzlose Tiertransporte und dass Jeff gedroht wurde das Handy ins Meer zu werfen ist ja wohl noch mehr die H\u00f6he . Daran sieht man die wahren Gesichter der Robin Hood Besatzung. Tierqu\u00e4lerei ist das von so einer Reederei die die Tierqu\u00e4lerei unterst\u00fctzen tut sollte in Zukunft ein Lebendtiertransport vom Gesch\u00fctze Meeress\u00e4uger untersagt werden. <\/p>\n\n\n\n<p>wir m\u00fcssen tierfreundliche Reederei Kooperation aufbauen Transport ohne Qual . Aber das was die Robin Hood und deren Reederei veranstaltet haben dass Tier gequ\u00e4lt haben ist nicht duldbar !!!<\/p>\n\n\n\n<p>Und was lernen wir daraus ? !! Zuk\u00fcnftig nicht nur lernen anders zu verladen , sondern auch gebrauchte Schlepper extra f\u00fcr den Schutz der Meeresbewohner zu haben und die Mannschaft speziell daf\u00fcr ausbilden und vom Staat f\u00fcr Tierschutz bezahlen k\u00f6nnen. <\/p>\n\n\n\n<p><\/p>\n","protected":false},"excerpt":{"rendered":"<p>es ist eine riesen Schande was Fortuna B und Robin Hood da abgezogen hat. Ja gar eine bodenlose Frechheit. Die letzen Stunden der Freiheit des Wal waren Qu\u00e4lerei und das muss enden wir d\u00fcrfen so Transporte nicht mehr zulassen. Und nein ich nehme das Blatt nicht an . Wenn man einen Wal zum Schluss mit [&hellip;]<\/p>\n","protected":false},"author":1,"featured_media":0,"parent":0,"menu_order":0,"comment_status":"closed","ping_status":"closed","template":"","meta":{"footnotes":""},"class_list":["post-20","page","type-page","status-publish","hentry"],"_links":{"self":[{"href":"https:\/\/www.buckelwalhope.de\/index.php?rest_route=\/wp\/v2\/pages\/20","targetHints":{"allow":["GET"]}}],"collection":[{"href":"https:\/\/www.buckelwalhope.de\/index.php?rest_route=\/wp\/v2\/pages"}],"about":[{"href":"https:\/\/www.buckelwalhope.de\/index.php?rest_route=\/wp\/v2\/types\/page"}],"author":[{"embeddable":true,"href":"https:\/\/www.buckelwalhope.de\/index.php?rest_route=\/wp\/v2\/users\/1"}],"replies":[{"embeddable":true,"href":"https:\/\/www.buckelwalhope.de\/index.php?rest_route=%2Fwp%2Fv2%2Fcomments&post=20"}],"version-history":[{"count":3,"href":"https:\/\/www.buckelwalhope.de\/index.php?rest_route=\/wp\/v2\/pages\/20\/revisions"}],"predecessor-version":[{"id":23,"href":"https:\/\/www.buckelwalhope.de\/index.php?rest_route=\/wp\/v2\/pages\/20\/revisions\/23"}],"wp:attachment":[{"href":"https:\/\/www.buckelwalhope.de\/index.php?rest_route=%2Fwp%2Fv2%2Fmedia&parent=20"}],"curies":[{"name":"wp","href":"https:\/\/api.w.org\/{rel}","templated":true}]}}